{"id":6,"date":"2013-04-11T01:25:07","date_gmt":"2013-04-11T01:25:07","guid":{"rendered":"https:\/\/www.sulservicebalancas.com.br\/site\/?page_id=6"},"modified":"2025-04-23T16:24:33","modified_gmt":"2025-04-23T19:24:33","slug":"a-empresa","status":"publish","type":"page","link":"https:\/\/www.sulservicebalancas.com.br\/site\/a-empresa\/","title":{"rendered":"A Empresa"},"content":{"rendered":"<p>Empresa especializada em balan\u00e7as industriais e comerciais a Sul Service tem t\u00e9cnicos com mais de 10 anos de manuten\u00e7\u00e3o em ch\u00e3o de f\u00e1brica onde temos como foco \u00e0 redu\u00e7\u00e3o de custos na \u00e1rea de manuten\u00e7\u00e3o, principalmente em rela\u00e7\u00e3o aos valores cobrados comparados a diversas assist\u00eancias t\u00e9cnicas de f\u00e1brica, sendo que algumas cobram valores abusivos, \u00e0s vezes em d\u00f3lar sem contar os custos de deslocamento que muito influenciam no valor final. N\u00e3o visamos redu\u00e7\u00e3o em quadro de funcion\u00e1rios, mas sim dar o suporte t\u00e9cnico necess\u00e1rio \u00e0 equipe de manuten\u00e7\u00e3o, a um pre\u00e7o justo.<\/p>\n<p>Durante esses mais de 10 anos os t\u00e9cnicos que comp\u00f5em a empresa puderam acompanhar as mudan\u00e7as que ocorreram em n\u00edvel de acionamento e automa\u00e7\u00e3o na \u00e1rea da ind\u00fastria. Um exemplo disso foi \u00e0 troca das partidas compensadas por softstarters, em que nos dedicamos em aprender os segredos desses equipamentos de alta tecnologia, para que no futuro as manuten\u00e7\u00f5es fossem realizadas pelos pr\u00f3prios funcion\u00e1rios da empresa, n\u00e3o necessitando recorrer aos t\u00e9cnicos de outras localidades para resolu\u00e7\u00e3o de problemas.<\/p>\n<p>Dentre os v\u00e1rios equipamentos que j\u00e1 tivemos oportunidade de prestar assist\u00eancia tanto em frigor\u00edficos, metalurgia, hospitalar, cervejarias, lactic\u00ednios\u00a0 entre outros, podemos citar alguns:<\/p>\n<p><strong><i>-Linhas autom\u00e1ticas de corte ( STORK,MEYN),<\/i><\/strong><\/p>\n<p><strong><i>-Balan\u00e7as de pesagem din\u00e2mica ( CHICKWAY,SCANVAEGT,YAMOTO,G.A),<\/i><\/strong><\/p>\n<p><strong><i>-Detectores de metal ( LOMA,SAFELINE,BRAPENTA),<\/i><\/strong><\/p>\n<p><strong><i>-Embaladoras ( ULMA,SANDIACRE,POLIPACK,DUPLAVAC),<\/i><\/strong><\/p>\n<p><strong><i>-T\u00faneis de congelamento ( RECRUSUL,MADEF,FRIGOSCANDIA),<\/i><\/strong><\/p>\n<p><strong><i>-Impressoras rotuladoras \u00a0a jato de tinta ( IMAJE,WILLET,VIDEOJET),<\/i><\/strong><\/p>\n<p><strong><i>-Formadoras de caixas de papel\u00e3o (TECMAPACK),<\/i><\/strong><\/p>\n<p><strong><i>-Geradores ( STEMAC,SDMO),<\/i><\/strong><\/p>\n<p>Tamb\u00e9m prestamos servi\u00e7os (conserto, calibra\u00e7\u00e3o e aferi\u00e7\u00e3o) em balan\u00e7as industriais e comerciais anal\u00edticas e rodovi\u00e1rias at\u00e9 80.000 kg com certifica\u00e7\u00e3o pesos rastreados rbc cetemp \u00a0INMETRO. Fornecemos tamb\u00e9m pe\u00e7as como:c\u00e9lulas de carga,teclados,placas etc&#8230; Realizamos tamb\u00e9m manuten\u00e7\u00f5es em inversores e softstarters de todas as marcas e suporte na linha de programa\u00e7\u00e3o de CLPs de v\u00e1rias marcas.<\/p>\n<p>Modalidades Preventivo<br \/>\nManuten\u00e7\u00f5es peri\u00f3dicas programadas, mantendo os equipamentos em perfeitas condi\u00e7\u00f5es de uso, evitando gastos com paralisa\u00e7\u00f5es e autua\u00e7\u00f5es do \u00f3rg\u00e3o fiscalizador INMETRO.<\/p>\n<p>Checagem<br \/>\nVerifica\u00e7\u00e3o peri\u00f3dica para checar se os equipamentos est\u00e3o dentro das toler\u00e2ncias exigidas pela Portaria INMETRO 236\/94.<\/p>\n","protected":false},"excerpt":{"rendered":"<p>Empresa especializada em balan\u00e7as industriais e comerciais a Sul Service tem t\u00e9cnicos com mais de [&hellip;]<\/p>\n","protected":false},"author":1,"featured_media":0,"parent":0,"menu_order":0,"comment_status":"closed","ping_status":"closed","template":"","meta":[],"_links":{"self":[{"href":"https:\/\/www.sulservicebalancas.com.br\/site\/wp-json\/wp\/v2\/pages\/6"}],"collection":[{"href":"https:\/\/www.sulservicebalancas.com.br\/site\/wp-json\/wp\/v2\/pages"}],"about":[{"href":"https:\/\/www.sulservicebalancas.com.br\/site\/wp-json\/wp\/v2\/types\/page"}],"author":[{"embeddable":true,"href":"https:\/\/www.sulservicebalancas.com.br\/site\/wp-json\/wp\/v2\/users\/1"}],"replies":[{"embeddable":true,"href":"https:\/\/www.sulservicebalancas.com.br\/site\/wp-json\/wp\/v2\/comments?post=6"}],"version-history":[{"count":1,"href":"https:\/\/www.sulservicebalancas.com.br\/site\/wp-json\/wp\/v2\/pages\/6\/revisions"}],"predecessor-version":[{"id":333,"href":"https:\/\/www.sulservicebalancas.com.br\/site\/wp-json\/wp\/v2\/pages\/6\/revisions\/333"}],"wp:attachment":[{"href":"https:\/\/www.sulservicebalancas.com.br\/site\/wp-json\/wp\/v2\/media?parent=6"}],"curies":[{"name":"wp","href":"https:\/\/api.w.org\/{rel}","templated":true}]}}