{"id":5,"date":"2013-04-11T01:24:53","date_gmt":"2013-04-11T01:24:53","guid":{"rendered":"https:\/\/www.sulservicebalancas.com.br\/site\/?page_id=5"},"modified":"2025-04-23T15:45:58","modified_gmt":"2025-04-23T18:45:58","slug":"inicio","status":"publish","type":"page","link":"https:\/\/www.sulservicebalancas.com.br\/site\/","title":{"rendered":"In\u00edcio"},"content":{"rendered":"<p>&nbsp;<\/p>\n<div class=\"advanced-slider\" id=\"slider-pro-1\" tabindex=\"0\" style=\"width: px; height: px;\">\n\t<div class=\"slides\">\n\t\t<div class=\"slide\" >\n\t\t\t<img class=\"image\" src=\"https:\/\/www.sulservicebalancas.com.br\/site\/wp-content\/uploads\/2021\/03\/36161a76-b749-4b1b-81ca-b29f63ca5584.jpg\" alt=\"\"\/>\n\t\t\t<img class=\"thumbnail\" src=\"https:\/\/www.sulservicebalancas.com.br\/site\/wp-content\/uploads\/2021\/03\/36161a76-b749-4b1b-81ca-b29f63ca5584.jpg\" alt=\"\"\/>\n\t\t\t<div class=\"caption\"><span>Manuten\u00e7\u00e3o e suporte para balan\u00e7as rodovi\u00e1rias com capacidade de at\u00e9 80.000 kg<\/span><\/div>\n\t\t<\/div>\n\t\t<div class=\"slide\" >\n\t\t\t<img class=\"image\" src=\"https:\/\/www.sulservicebalancas.com.br\/site\/wp-content\/uploads\/2021\/03\/a13f0fe1-577f-4107-907e-01d059614c3f.jpg\" alt=\"\"\/>\n\t\t\t<img class=\"thumbnail\" src=\"https:\/\/www.sulservicebalancas.com.br\/site\/wp-content\/uploads\/2021\/03\/a13f0fe1-577f-4107-907e-01d059614c3f.jpg\" alt=\"\"\/>\n\t\t<\/div>\n\t\t<div class=\"slide\" >\n\t\t\t<img class=\"image\" src=\"https:\/\/www.sulservicebalancas.com.br\/site\/wp-content\/uploads\/2021\/03\/78571f51-5907-4860-a3a9-a2301ca2df02.jpg\" alt=\"\"\/>\n\t\t\t<img class=\"thumbnail\" src=\"https:\/\/www.sulservicebalancas.com.br\/site\/wp-content\/uploads\/2021\/03\/78571f51-5907-4860-a3a9-a2301ca2df02.jpg\" alt=\"\"\/>\n\t\t<\/div>\n\t\t<div class=\"slide\" >\n\t\t\t<img class=\"image\" src=\"https:\/\/www.sulservicebalancas.com.br\/site\/wp-content\/uploads\/2017\/06\/3.jpg\" alt=\"\"\/>\n\t\t\t<img class=\"thumbnail\" src=\"https:\/\/www.sulservicebalancas.com.br\/site\/wp-content\/uploads\/2017\/06\/3.jpg\" alt=\"\"\/>\n\t\t\t<div class=\"caption\"><span>Manuten\u00e7\u00e3o para balan\u00e7as Comerciais de diversas marcas<\/span><\/div>\n\t\t<\/div>\n\t\t<div class=\"slide\" >\n\t\t\t<img class=\"image\" src=\"https:\/\/www.sulservicebalancas.com.br\/site\/wp-content\/uploads\/2017\/06\/32323.jpg\" alt=\"\"\/>\n\t\t\t<img class=\"thumbnail\" src=\"https:\/\/www.sulservicebalancas.com.br\/site\/wp-content\/uploads\/2017\/06\/32323.jpg\" alt=\"\"\/>\n\t\t\t<div class=\"caption\"><span>Manuten\u00e7\u00e3o para balan\u00e7as Industriais de diversas marcas<\/span><\/div>\n\t\t<\/div>\n\t\t<div class=\"slide\" >\n\t\t\t<img class=\"image\" src=\"https:\/\/www.sulservicebalancas.com.br\/site\/wp-content\/uploads\/2017\/06\/dsds.jpg\" alt=\"\"\/>\n\t\t\t<img class=\"thumbnail\" src=\"https:\/\/www.sulservicebalancas.com.br\/site\/wp-content\/uploads\/2017\/06\/dsds.jpg\" alt=\"\"\/>\n\t\t\t<div class=\"caption\"><span>Trabalhamos com C\u00e9lulas de Carga - Diversos Modelos<\/span><\/div>\n\t\t<\/div>\n\t\t<div class=\"slide\" >\n\t\t\t<img class=\"image\" src=\"https:\/\/www.sulservicebalancas.com.br\/site\/wp-content\/uploads\/2017\/06\/EWEW.jpg\" alt=\"\"\/>\n\t\t\t<img class=\"thumbnail\" src=\"https:\/\/www.sulservicebalancas.com.br\/site\/wp-content\/uploads\/2017\/06\/EWEW.jpg\" alt=\"\"\/>\n\t\t\t<div class=\"caption\"><span>Sul Service empresa credenciada pelo INMETRO<\/span><\/div>\n\t\t<\/div>\n\t\t<div class=\"slide\" >\n\t\t\t<img class=\"image\" src=\"https:\/\/www.sulservicebalancas.com.br\/site\/wp-content\/uploads\/2017\/06\/geave.jpg\" alt=\"\"\/>\n\t\t\t<img class=\"thumbnail\" src=\"https:\/\/www.sulservicebalancas.com.br\/site\/wp-content\/uploads\/2017\/06\/geave.jpg\" alt=\"\"\/>\n\t\t\t<div class=\"caption\"><span>Sul Service assist\u00eancia t\u00e9cnica dos produtos Geave Tecnologia<\/span><\/div>\n\t\t<\/div>\n\t<\/div>\n<\/div>\n\n\n<h1 style=\"text-align: center;\">Manuten\u00e7\u00e3o de Balan\u00e7as Comerciais, Balan\u00e7as Industriais<br \/>\ne Balan\u00e7as Rodovi\u00e1rias<\/h1>\n<p>Sul Service \u00e9 a empresa especializada na manuten\u00e7\u00e3o de balan\u00e7as comerciais e balan\u00e7as industriais. Atendemos empresas a mais de 10 anos e temos vasta experi\u00eancia no assunto de balan\u00e7as comerciais e industriais onde contamos com as mais renomeadas certifica\u00e7\u00f5es dentre elas a do INMETRO que garante mais qualidade e seguran\u00e7a na execu\u00e7\u00e3o dos servi\u00e7os prestados.<\/p>\n","protected":false},"excerpt":{"rendered":"<p>&nbsp; Manuten\u00e7\u00e3o de Balan\u00e7as Comerciais, Balan\u00e7as Industriais e Balan\u00e7as Rodovi\u00e1rias Sul Service \u00e9 a empresa [&hellip;]<\/p>\n","protected":false},"author":1,"featured_media":0,"parent":0,"menu_order":0,"comment_status":"closed","ping_status":"closed","template":"template-inicio.php","meta":[],"_links":{"self":[{"href":"https:\/\/www.sulservicebalancas.com.br\/site\/wp-json\/wp\/v2\/pages\/5"}],"collection":[{"href":"https:\/\/www.sulservicebalancas.com.br\/site\/wp-json\/wp\/v2\/pages"}],"about":[{"href":"https:\/\/www.sulservicebalancas.com.br\/site\/wp-json\/wp\/v2\/types\/page"}],"author":[{"embeddable":true,"href":"https:\/\/www.sulservicebalancas.com.br\/site\/wp-json\/wp\/v2\/users\/1"}],"replies":[{"embeddable":true,"href":"https:\/\/www.sulservicebalancas.com.br\/site\/wp-json\/wp\/v2\/comments?post=5"}],"version-history":[{"count":1,"href":"https:\/\/www.sulservicebalancas.com.br\/site\/wp-json\/wp\/v2\/pages\/5\/revisions"}],"predecessor-version":[{"id":332,"href":"https:\/\/www.sulservicebalancas.com.br\/site\/wp-json\/wp\/v2\/pages\/5\/revisions\/332"}],"wp:attachment":[{"href":"https:\/\/www.sulservicebalancas.com.br\/site\/wp-json\/wp\/v2\/media?parent=5"}],"curies":[{"name":"wp","href":"https:\/\/api.w.org\/{rel}","templated":true}]}}