{"id":260,"date":"2014-11-19T20:35:20","date_gmt":"2014-11-19T20:35:20","guid":{"rendered":"https:\/\/www.sulservicebalancas.com.br\/site\/?page_id=260"},"modified":"2014-11-19T20:40:34","modified_gmt":"2014-11-19T20:40:34","slug":"balancas-de-precisao","status":"publish","type":"page","link":"https:\/\/www.sulservicebalancas.com.br\/site\/balancas-de-precisao\/","title":{"rendered":"Balan\u00e7as de Precis\u00e3o"},"content":{"rendered":"<p style=\"text-align: center;\"><img decoding=\"async\" loading=\"lazy\" class=\"aligncenter  wp-image-242\" alt=\"VP6102CN_L\" src=\"https:\/\/www.sulservicebalancas.com.br\/site\/wp-content\/uploads\/2013\/11\/VP6102CN_L.jpg\" width=\"358\" height=\"262\" srcset=\"https:\/\/www.sulservicebalancas.com.br\/site\/wp-content\/uploads\/2013\/11\/VP6102CN_L.jpg 448w, https:\/\/www.sulservicebalancas.com.br\/site\/wp-content\/uploads\/2013\/11\/VP6102CN_L-300x219.jpg 300w\" sizes=\"(max-width: 358px) 100vw, 358px\"  loading=\"lazy\" \/>Trabalhamos com manuten\u00e7\u00e3o e conserto de balan\u00e7as de precis\u00e3o.<br \/>\n<img decoding=\"async\" loading=\"lazy\" class=\"aligncenter  wp-image-241\" alt=\"balan\u00e7a-digital-de-precis\u00e3o.\" src=\"https:\/\/www.sulservicebalancas.com.br\/site\/wp-content\/uploads\/2013\/11\/balan\u00e7a-digital-de-precis\u00e3o..jpg\" width=\"320\" height=\"289\" srcset=\"https:\/\/www.sulservicebalancas.com.br\/site\/wp-content\/uploads\/2013\/11\/balan\u00e7a-digital-de-precis\u00e3o..jpg 400w, https:\/\/www.sulservicebalancas.com.br\/site\/wp-content\/uploads\/2013\/11\/balan\u00e7a-digital-de-precis\u00e3o.-300x270.jpg 300w\" sizes=\"(max-width: 320px) 100vw, 320px\"  loading=\"lazy\" \/><\/p>\n","protected":false},"excerpt":{"rendered":"<p>Trabalhamos com manuten\u00e7\u00e3o e conserto de balan\u00e7as de precis\u00e3o.<\/p>\n","protected":false},"author":1,"featured_media":0,"parent":0,"menu_order":0,"comment_status":"closed","ping_status":"closed","template":"","meta":[],"_links":{"self":[{"href":"https:\/\/www.sulservicebalancas.com.br\/site\/wp-json\/wp\/v2\/pages\/260"}],"collection":[{"href":"https:\/\/www.sulservicebalancas.com.br\/site\/wp-json\/wp\/v2\/pages"}],"about":[{"href":"https:\/\/www.sulservicebalancas.com.br\/site\/wp-json\/wp\/v2\/types\/page"}],"author":[{"embeddable":true,"href":"https:\/\/www.sulservicebalancas.com.br\/site\/wp-json\/wp\/v2\/users\/1"}],"replies":[{"embeddable":true,"href":"https:\/\/www.sulservicebalancas.com.br\/site\/wp-json\/wp\/v2\/comments?post=260"}],"version-history":[{"count":0,"href":"https:\/\/www.sulservicebalancas.com.br\/site\/wp-json\/wp\/v2\/pages\/260\/revisions"}],"wp:attachment":[{"href":"https:\/\/www.sulservicebalancas.com.br\/site\/wp-json\/wp\/v2\/media?parent=260"}],"curies":[{"name":"wp","href":"https:\/\/api.w.org\/{rel}","templated":true}]}}