{"id":231,"date":"2013-08-13T23:51:18","date_gmt":"2013-08-13T23:51:18","guid":{"rendered":"https:\/\/www.sulservicebalancas.com.br\/site\/?page_id=231"},"modified":"2013-08-13T23:55:30","modified_gmt":"2013-08-13T23:55:30","slug":"manuais-e-informacoes","status":"publish","type":"page","link":"https:\/\/www.sulservicebalancas.com.br\/site\/manuais-e-informacoes\/","title":{"rendered":"Manuais e Informa\u00e7\u00f5es"},"content":{"rendered":"<p>Manuais e Especifica\u00e7\u00f5es T\u00e9cnicas dos Produtos Geave e outros. Requer Adobe Acrobat Reader instalado em seu computador para leitura.<\/p>\n<p><a href=\"https:\/\/www.sulservicebalancas.com.br\/site\/wp-content\/uploads\/2013\/08\/GA-ES-1.0.pdf\" target=\"_blank\">GA ES-1.0<br \/>\n<\/a> <a href=\"https:\/\/www.sulservicebalancas.com.br\/site\/wp-content\/uploads\/2013\/08\/ANRITSU-SVi-Washdown-IP66-IP67-Checkweigher-Brochure.pdf\" target=\"_blank\">ANRITSU SVi Washdown IP66 IP67 Checkweigher Brochure<br \/>\n<\/a> <a href=\"https:\/\/www.sulservicebalancas.com.br\/site\/wp-content\/uploads\/2013\/08\/af_ES2.pdf\" target=\"_blank\">af_ES2<br \/>\n<\/a> <a href=\"https:\/\/www.sulservicebalancas.com.br\/site\/wp-content\/uploads\/2013\/08\/af_DWS8.pdf\" target=\"_blank\">af_DWS8<br \/>\n<\/a> <a href=\"https:\/\/www.sulservicebalancas.com.br\/site\/wp-content\/uploads\/2013\/08\/af_BSC1_PS1.pdf\" target=\"_blank\">af_BSC1_PS1<\/a><\/p>\n","protected":false},"excerpt":{"rendered":"<p>Manuais e Especifica\u00e7\u00f5es T\u00e9cnicas dos Produtos Geave e outros. Requer Adobe Acrobat Reader instalado em [&hellip;]<\/p>\n","protected":false},"author":1,"featured_media":0,"parent":0,"menu_order":0,"comment_status":"closed","ping_status":"closed","template":"","meta":[],"_links":{"self":[{"href":"https:\/\/www.sulservicebalancas.com.br\/site\/wp-json\/wp\/v2\/pages\/231"}],"collection":[{"href":"https:\/\/www.sulservicebalancas.com.br\/site\/wp-json\/wp\/v2\/pages"}],"about":[{"href":"https:\/\/www.sulservicebalancas.com.br\/site\/wp-json\/wp\/v2\/types\/page"}],"author":[{"embeddable":true,"href":"https:\/\/www.sulservicebalancas.com.br\/site\/wp-json\/wp\/v2\/users\/1"}],"replies":[{"embeddable":true,"href":"https:\/\/www.sulservicebalancas.com.br\/site\/wp-json\/wp\/v2\/comments?post=231"}],"version-history":[{"count":0,"href":"https:\/\/www.sulservicebalancas.com.br\/site\/wp-json\/wp\/v2\/pages\/231\/revisions"}],"wp:attachment":[{"href":"https:\/\/www.sulservicebalancas.com.br\/site\/wp-json\/wp\/v2\/media?parent=231"}],"curies":[{"name":"wp","href":"https:\/\/api.w.org\/{rel}","templated":true}]}}