{"id":154,"date":"2013-05-09T19:11:06","date_gmt":"2013-05-09T19:11:06","guid":{"rendered":"https:\/\/www.sulservicebalancas.com.br\/site\/?page_id=154"},"modified":"2013-05-09T20:59:47","modified_gmt":"2013-05-09T20:59:47","slug":"balancas-rodoviarias","status":"publish","type":"page","link":"https:\/\/www.sulservicebalancas.com.br\/site\/balancas-rodoviarias\/","title":{"rendered":"Balan\u00e7as Rodovi\u00e1rias"},"content":{"rendered":"<p><img decoding=\"async\" loading=\"lazy\" class=\"aligncenter size-full wp-image-106\" alt=\"ulrf-isis (512 x 395)\" src=\"https:\/\/www.sulservicebalancas.com.br\/site\/wp-content\/uploads\/2013\/04\/ulrf-isis-512-x-395.jpg\" width=\"512\" height=\"395\" srcset=\"https:\/\/www.sulservicebalancas.com.br\/site\/wp-content\/uploads\/2013\/04\/ulrf-isis-512-x-395.jpg 512w, https:\/\/www.sulservicebalancas.com.br\/site\/wp-content\/uploads\/2013\/04\/ulrf-isis-512-x-395-300x231.jpg 300w\" sizes=\"(max-width: 512px) 100vw, 512px\"  loading=\"lazy\" \/><br \/>\nTrabalhamos com balan\u00e7as rodovi\u00e1rias de diversas marcas<\/p>\n<p style=\"text-align: left;\"><span style=\"font-size: 2em;\">Manuten\u00e7\u00e3o e suporte para balan\u00e7as rodovi\u00e1rias com capacidade de at\u00e9 80.000 kg<\/span><\/p>\n<p><a title=\"Fale Conosco\" href=\"https:\/\/www.sulservicebalancas.com.br\/site\/fale-conosco\/\" target=\"_blank\">Clique aqui e solicite or\u00e7amento falando conosco!<\/a><\/p>\n","protected":false},"excerpt":{"rendered":"<p>Trabalhamos com balan\u00e7as rodovi\u00e1rias de diversas marcas Manuten\u00e7\u00e3o e suporte para balan\u00e7as rodovi\u00e1rias com capacidade [&hellip;]<\/p>\n","protected":false},"author":1,"featured_media":0,"parent":0,"menu_order":0,"comment_status":"closed","ping_status":"closed","template":"","meta":[],"_links":{"self":[{"href":"https:\/\/www.sulservicebalancas.com.br\/site\/wp-json\/wp\/v2\/pages\/154"}],"collection":[{"href":"https:\/\/www.sulservicebalancas.com.br\/site\/wp-json\/wp\/v2\/pages"}],"about":[{"href":"https:\/\/www.sulservicebalancas.com.br\/site\/wp-json\/wp\/v2\/types\/page"}],"author":[{"embeddable":true,"href":"https:\/\/www.sulservicebalancas.com.br\/site\/wp-json\/wp\/v2\/users\/1"}],"replies":[{"embeddable":true,"href":"https:\/\/www.sulservicebalancas.com.br\/site\/wp-json\/wp\/v2\/comments?post=154"}],"version-history":[{"count":0,"href":"https:\/\/www.sulservicebalancas.com.br\/site\/wp-json\/wp\/v2\/pages\/154\/revisions"}],"wp:attachment":[{"href":"https:\/\/www.sulservicebalancas.com.br\/site\/wp-json\/wp\/v2\/media?parent=154"}],"curies":[{"name":"wp","href":"https:\/\/api.w.org\/{rel}","templated":true}]}}