{"id":153,"date":"2013-05-09T19:10:29","date_gmt":"2013-05-09T19:10:29","guid":{"rendered":"https:\/\/www.sulservicebalancas.com.br\/site\/?page_id=153"},"modified":"2017-06-16T16:12:59","modified_gmt":"2017-06-16T16:12:59","slug":"balancas-comerciais","status":"publish","type":"page","link":"https:\/\/www.sulservicebalancas.com.br\/site\/balancas-comerciais\/","title":{"rendered":"Balan\u00e7as Comerciais"},"content":{"rendered":"<p><img decoding=\"async\" loading=\"lazy\" class=\"aligncenter size-full wp-image-169\" src=\"https:\/\/www.sulservicebalancas.com.br\/site\/wp-content\/uploads\/2013\/05\/Balan\u00e7as-Comerciais.png\" alt=\"Balan\u00e7as Comerciais\" width=\"917\" height=\"218\" srcset=\"https:\/\/www.sulservicebalancas.com.br\/site\/wp-content\/uploads\/2013\/05\/Balan\u00e7as-Comerciais.png 917w, https:\/\/www.sulservicebalancas.com.br\/site\/wp-content\/uploads\/2013\/05\/Balan\u00e7as-Comerciais-300x71.png 300w\" sizes=\"(max-width: 917px) 100vw, 917px\"  loading=\"lazy\" \/><\/p>\n<p>A Sulservice trabalha com assist\u00eancia t\u00e9cnica e manuten\u00e7\u00e3o de diversas marcas e modelos de balan\u00e7as comercias dentre elas:<\/p>\n<ul>\n<li><strong>Balan\u00e7as Computadorizadas<\/strong><\/li>\n<li><strong>Balan\u00e7as Digitais<\/strong><\/li>\n<li><strong>Balan\u00e7as Pesadoras<\/strong><\/li>\n<\/ul>\n<p><a title=\"Fale Conosco\" href=\"https:\/\/www.sulservicebalancas.com.br\/site\/fale-conosco\/\" target=\"_blank\" rel=\"noopener noreferrer\">Clique aqui e solicite or\u00e7amento falando conosco!<\/a><\/p>\n","protected":false},"excerpt":{"rendered":"<p>A Sulservice trabalha com assist\u00eancia t\u00e9cnica e manuten\u00e7\u00e3o de diversas marcas e modelos de balan\u00e7as [&hellip;]<\/p>\n","protected":false},"author":1,"featured_media":0,"parent":0,"menu_order":0,"comment_status":"closed","ping_status":"closed","template":"","meta":[],"_links":{"self":[{"href":"https:\/\/www.sulservicebalancas.com.br\/site\/wp-json\/wp\/v2\/pages\/153"}],"collection":[{"href":"https:\/\/www.sulservicebalancas.com.br\/site\/wp-json\/wp\/v2\/pages"}],"about":[{"href":"https:\/\/www.sulservicebalancas.com.br\/site\/wp-json\/wp\/v2\/types\/page"}],"author":[{"embeddable":true,"href":"https:\/\/www.sulservicebalancas.com.br\/site\/wp-json\/wp\/v2\/users\/1"}],"replies":[{"embeddable":true,"href":"https:\/\/www.sulservicebalancas.com.br\/site\/wp-json\/wp\/v2\/comments?post=153"}],"version-history":[{"count":0,"href":"https:\/\/www.sulservicebalancas.com.br\/site\/wp-json\/wp\/v2\/pages\/153\/revisions"}],"wp:attachment":[{"href":"https:\/\/www.sulservicebalancas.com.br\/site\/wp-json\/wp\/v2\/media?parent=153"}],"curies":[{"name":"wp","href":"https:\/\/api.w.org\/{rel}","templated":true}]}}