{"id":152,"date":"2013-05-09T19:10:12","date_gmt":"2013-05-09T19:10:12","guid":{"rendered":"https:\/\/www.sulservicebalancas.com.br\/site\/?page_id=152"},"modified":"2017-06-16T16:15:29","modified_gmt":"2017-06-16T16:15:29","slug":"balancas-industriais","status":"publish","type":"page","link":"https:\/\/www.sulservicebalancas.com.br\/site\/balancas-industriais\/","title":{"rendered":"Balan\u00e7as Industriais"},"content":{"rendered":"<p><img decoding=\"async\" loading=\"lazy\" class=\"aligncenter size-full wp-image-184\" src=\"https:\/\/www.sulservicebalancas.com.br\/site\/wp-content\/uploads\/2013\/05\/Balan\u00e7as-Industriais.png\" alt=\"Balan\u00e7as Industriais\" width=\"917\" height=\"811\" srcset=\"https:\/\/www.sulservicebalancas.com.br\/site\/wp-content\/uploads\/2013\/05\/Balan\u00e7as-Industriais.png 917w, https:\/\/www.sulservicebalancas.com.br\/site\/wp-content\/uploads\/2013\/05\/Balan\u00e7as-Industriais-300x265.png 300w\" sizes=\"(max-width: 917px) 100vw, 917px\"  loading=\"lazy\" \/><\/p>\n<p>A Sulservice trabalha com assist\u00eancia t\u00e9cnica e manuten\u00e7\u00e3o de diversas marcas e modelos de balan\u00e7as industriais dentre elas:<\/p>\n<ul>\n<li><strong>Balan\u00e7as Contadoras<\/strong><\/li>\n<li><strong>Balan\u00e7as de Plataforma<\/strong><\/li>\n<li><strong>Balan\u00e7as Pesadoras<\/strong><\/li>\n<li><strong>Balan\u00e7as Semi-Anal\u00edticas<\/strong><\/li>\n<li><strong>Indicadores Digitais de Peso<\/strong><\/li>\n<li><strong>A\u00e7o Carbono<\/strong><\/li>\n<li><strong>A\u00e7o Inox<\/strong><\/li>\n<li><strong>Balan\u00e7a de Bancada<\/strong><\/li>\n<li><strong>Balan\u00e7a Plataforma de Piso<\/strong><\/li>\n<li><strong>Peso Humano (UL-PH)<\/strong><\/li>\n<li><strong>Balan\u00e7a M\u00f3vel<\/strong><\/li>\n<li><strong>C\u00e9lulas de Carga<\/strong><\/li>\n<li><strong>Balan\u00e7a Barra de Pesagem<\/strong><\/li>\n<li><strong>Balan\u00e7a Paleteira<\/strong><\/li>\n<li><strong>Balan\u00e7a de Bancada\/Piso<\/strong><\/li>\n<\/ul>\n<p><a title=\"Fale Conosco\" href=\"https:\/\/www.sulservicebalancas.com.br\/site\/fale-conosco\/\" target=\"_blank\" rel=\"noopener noreferrer\">Clique aqui e solicite or\u00e7amento falando conosco!<\/a><\/p>\n","protected":false},"excerpt":{"rendered":"<p>A Sulservice trabalha com assist\u00eancia t\u00e9cnica e manuten\u00e7\u00e3o de diversas marcas e modelos de balan\u00e7as [&hellip;]<\/p>\n","protected":false},"author":1,"featured_media":0,"parent":0,"menu_order":0,"comment_status":"closed","ping_status":"closed","template":"","meta":[],"_links":{"self":[{"href":"https:\/\/www.sulservicebalancas.com.br\/site\/wp-json\/wp\/v2\/pages\/152"}],"collection":[{"href":"https:\/\/www.sulservicebalancas.com.br\/site\/wp-json\/wp\/v2\/pages"}],"about":[{"href":"https:\/\/www.sulservicebalancas.com.br\/site\/wp-json\/wp\/v2\/types\/page"}],"author":[{"embeddable":true,"href":"https:\/\/www.sulservicebalancas.com.br\/site\/wp-json\/wp\/v2\/users\/1"}],"replies":[{"embeddable":true,"href":"https:\/\/www.sulservicebalancas.com.br\/site\/wp-json\/wp\/v2\/comments?post=152"}],"version-history":[{"count":0,"href":"https:\/\/www.sulservicebalancas.com.br\/site\/wp-json\/wp\/v2\/pages\/152\/revisions"}],"wp:attachment":[{"href":"https:\/\/www.sulservicebalancas.com.br\/site\/wp-json\/wp\/v2\/media?parent=152"}],"curies":[{"name":"wp","href":"https:\/\/api.w.org\/{rel}","templated":true}]}}